{"id":9030,"date":"2022-12-13T12:28:14","date_gmt":"2022-12-13T11:28:14","guid":{"rendered":"https:\/\/www.nutritionetsante.com\/unete-a-nosotros\/"},"modified":"2022-12-13T12:28:14","modified_gmt":"2022-12-13T11:28:14","slug":"unete-a-nosotros","status":"publish","type":"page","link":"https:\/\/www.nutritionetsante.com\/es\/unete-a-nosotros\/","title":{"rendered":"\u00daNETE A NOSOTROS"},"content":{"rendered":"\t\t<div data-elementor-type=\"wp-page\" data-elementor-id=\"9030\" class=\"elementor elementor-9030 elementor-9020\" data-elementor-post-type=\"page\">\n\t\t\t\t\t\t<section class=\"elementor-section elementor-top-section elementor-element elementor-element-e6de3d4 elementor-section-boxed elementor-section-height-default elementor-section-height-default\" data-id=\"e6de3d4\" data-element_type=\"section\" data-e-type=\"section\">\n\t\t\t\t\t\t<div class=\"elementor-container elementor-column-gap-default\">\n\t\t\t\t\t<div class=\"elementor-column elementor-col-100 elementor-top-column elementor-element elementor-element-e210c36\" data-id=\"e210c36\" data-element_type=\"column\" data-e-type=\"column\">\n\t\t\t<div class=\"elementor-widget-wrap elementor-element-populated\">\n\t\t\t\t\t\t<div class=\"elementor-element elementor-element-a0b9e5b elementor-widget elementor-widget-heading\" data-id=\"a0b9e5b\" data-element_type=\"widget\" data-e-type=\"widget\" data-widget_type=\"heading.default\">\n\t\t\t\t<div class=\"elementor-widget-container\">\n\t\t\t\t\t<h1 class=\"elementor-heading-title elementor-size-default\">\u00daNETE A NOSOTROS<\/h1>\t\t\t\t<\/div>\n\t\t\t\t<\/div>\n\t\t\t\t<div class=\"elementor-element elementor-element-13051a3 elementor-widget elementor-widget-text-editor\" data-id=\"13051a3\" data-element_type=\"widget\" data-e-type=\"widget\" data-widget_type=\"text-editor.default\">\n\t\t\t\t<div class=\"elementor-widget-container\">\n\t\t\t\t\t\t\t\t\t<p>Debido a un problema t\u00e9cnico, el \u00e1rea de contrataci\u00f3n no est\u00e1 disponible.<br \/>\nNo obstante, puede enviar sus candidaturas por correo electr\u00f3nico a <a href=\"mailto:recrutement@ns-group.com\" target=\"_blank\" rel=\"noopener\">recrutement@ns-group.com<\/a>, especificando en el asunto el t\u00edtulo del puesto que busca.<\/p>\n\t\t\t\t\t\t\t\t<\/div>\n\t\t\t\t<\/div>\n\t\t\t\t\t<\/div>\n\t\t<\/div>\n\t\t\t\t\t<\/div>\n\t\t<\/section>\n\t\t\t\t<\/div>\n\t\t","protected":false},"excerpt":{"rendered":"<p>Debido a un problema t\u00e9cnico, el \u00e1rea de contrataci\u00f3n no est\u00e1 disponible. No obstante, puede enviar sus candidaturas por correo electr\u00f3nico a recrutement@ns-group.com, especificando en el asunto el t\u00edtulo del puesto que busca.<\/p>\n","protected":false},"author":1,"featured_media":0,"parent":0,"menu_order":0,"comment_status":"closed","ping_status":"closed","template":"elementor_header_footer","meta":{"_acf_changed":false,"inline_featured_image":false,"footnotes":""},"class_list":["post-9030","page","type-page","status-publish","hentry"],"acf":[],"yoast_head":"<!-- This site is optimized with the Yoast SEO plugin v27.2 - https:\/\/yoast.com\/product\/yoast-seo-wordpress\/ -->\n<title>\u00daNETE A NOSOTROS - Nutrition &amp; Sant\u00e9<\/title>\n<meta name=\"robots\" content=\"index, follow, max-snippet:-1, max-image-preview:large, max-video-preview:-1\" \/>\n<link rel=\"canonical\" href=\"https:\/\/www.nutritionetsante.com\/es\/unete-a-nosotros\/\" \/>\n<meta property=\"og:locale\" content=\"es_ES\" \/>\n<meta property=\"og:type\" content=\"article\" \/>\n<meta property=\"og:title\" content=\"\u00daNETE A NOSOTROS - Nutrition &amp; Sant\u00e9\" \/>\n<meta property=\"og:description\" content=\"Debido a un problema t\u00e9cnico, el \u00e1rea de contrataci\u00f3n no est\u00e1 disponible. No obstante, puede enviar sus candidaturas por correo electr\u00f3nico a recrutement@ns-group.com, especificando en el asunto el t\u00edtulo del puesto que busca.\" \/>\n<meta property=\"og:url\" content=\"https:\/\/www.nutritionetsante.com\/es\/unete-a-nosotros\/\" \/>\n<meta property=\"og:site_name\" content=\"Nutrition &amp; Sant\u00e9\" \/>\n<meta name=\"twitter:card\" content=\"summary_large_image\" \/>\n<script type=\"application\/ld+json\" class=\"yoast-schema-graph\">{\"@context\":\"https:\/\/schema.org\",\"@graph\":[{\"@type\":\"WebPage\",\"@id\":\"https:\/\/www.nutritionetsante.com\/es\/unete-a-nosotros\/\",\"url\":\"https:\/\/www.nutritionetsante.com\/es\/unete-a-nosotros\/\",\"name\":\"\u00daNETE A NOSOTROS - Nutrition &amp; Sant\u00e9\",\"isPartOf\":{\"@id\":\"https:\/\/www.nutritionetsante.com\/es\/#website\"},\"datePublished\":\"2022-12-13T11:28:14+00:00\",\"breadcrumb\":{\"@id\":\"https:\/\/www.nutritionetsante.com\/es\/unete-a-nosotros\/#breadcrumb\"},\"inLanguage\":\"es\",\"potentialAction\":[{\"@type\":\"ReadAction\",\"target\":[\"https:\/\/www.nutritionetsante.com\/es\/unete-a-nosotros\/\"]}]},{\"@type\":\"BreadcrumbList\",\"@id\":\"https:\/\/www.nutritionetsante.com\/es\/unete-a-nosotros\/#breadcrumb\",\"itemListElement\":[{\"@type\":\"ListItem\",\"position\":1,\"name\":\"Accueil\",\"item\":\"https:\/\/www.nutritionetsante.com\/es\/\"},{\"@type\":\"ListItem\",\"position\":2,\"name\":\"\u00daNETE A NOSOTROS\"}]},{\"@type\":\"WebSite\",\"@id\":\"https:\/\/www.nutritionetsante.com\/es\/#website\",\"url\":\"https:\/\/www.nutritionetsante.com\/es\/\",\"name\":\"Nutrition & Sant\u00e9\",\"description\":\"Leader de l\u2019alimentation di\u00e9t\u00e9tique et biologique en Europe\",\"publisher\":{\"@id\":\"https:\/\/www.nutritionetsante.com\/es\/#organization\"},\"potentialAction\":[{\"@type\":\"SearchAction\",\"target\":{\"@type\":\"EntryPoint\",\"urlTemplate\":\"https:\/\/www.nutritionetsante.com\/es\/?s={search_term_string}\"},\"query-input\":{\"@type\":\"PropertyValueSpecification\",\"valueRequired\":true,\"valueName\":\"search_term_string\"}}],\"inLanguage\":\"es\"},{\"@type\":\"Organization\",\"@id\":\"https:\/\/www.nutritionetsante.com\/es\/#organization\",\"name\":\"Nutrition & Sant\u00e9\",\"url\":\"https:\/\/www.nutritionetsante.com\/es\/\",\"logo\":{\"@type\":\"ImageObject\",\"inLanguage\":\"es\",\"@id\":\"https:\/\/www.nutritionetsante.com\/es\/#\/schema\/logo\/image\/\",\"url\":\"https:\/\/www.nutritionetsante.com\/wp-content\/uploads\/2022\/04\/logo-ns.svg\",\"contentUrl\":\"https:\/\/www.nutritionetsante.com\/wp-content\/uploads\/2022\/04\/logo-ns.svg\",\"width\":220,\"height\":83,\"caption\":\"Nutrition & Sant\u00e9\"},\"image\":{\"@id\":\"https:\/\/www.nutritionetsante.com\/es\/#\/schema\/logo\/image\/\"},\"sameAs\":[\"https:\/\/www.linkedin.com\/company\/nutrition-&-sante\/\"]}]}<\/script>\n<!-- \/ Yoast SEO plugin. -->","yoast_head_json":{"title":"\u00daNETE A NOSOTROS - Nutrition &amp; Sant\u00e9","robots":{"index":"index","follow":"follow","max-snippet":"max-snippet:-1","max-image-preview":"max-image-preview:large","max-video-preview":"max-video-preview:-1"},"canonical":"https:\/\/www.nutritionetsante.com\/es\/unete-a-nosotros\/","og_locale":"es_ES","og_type":"article","og_title":"\u00daNETE A NOSOTROS - Nutrition &amp; Sant\u00e9","og_description":"Debido a un problema t\u00e9cnico, el \u00e1rea de contrataci\u00f3n no est\u00e1 disponible. No obstante, puede enviar sus candidaturas por correo electr\u00f3nico a recrutement@ns-group.com, especificando en el asunto el t\u00edtulo del puesto que busca.","og_url":"https:\/\/www.nutritionetsante.com\/es\/unete-a-nosotros\/","og_site_name":"Nutrition &amp; Sant\u00e9","twitter_card":"summary_large_image","schema":{"@context":"https:\/\/schema.org","@graph":[{"@type":"WebPage","@id":"https:\/\/www.nutritionetsante.com\/es\/unete-a-nosotros\/","url":"https:\/\/www.nutritionetsante.com\/es\/unete-a-nosotros\/","name":"\u00daNETE A NOSOTROS - Nutrition &amp; Sant\u00e9","isPartOf":{"@id":"https:\/\/www.nutritionetsante.com\/es\/#website"},"datePublished":"2022-12-13T11:28:14+00:00","breadcrumb":{"@id":"https:\/\/www.nutritionetsante.com\/es\/unete-a-nosotros\/#breadcrumb"},"inLanguage":"es","potentialAction":[{"@type":"ReadAction","target":["https:\/\/www.nutritionetsante.com\/es\/unete-a-nosotros\/"]}]},{"@type":"BreadcrumbList","@id":"https:\/\/www.nutritionetsante.com\/es\/unete-a-nosotros\/#breadcrumb","itemListElement":[{"@type":"ListItem","position":1,"name":"Accueil","item":"https:\/\/www.nutritionetsante.com\/es\/"},{"@type":"ListItem","position":2,"name":"\u00daNETE A NOSOTROS"}]},{"@type":"WebSite","@id":"https:\/\/www.nutritionetsante.com\/es\/#website","url":"https:\/\/www.nutritionetsante.com\/es\/","name":"Nutrition & Sant\u00e9","description":"Leader de l\u2019alimentation di\u00e9t\u00e9tique et biologique en Europe","publisher":{"@id":"https:\/\/www.nutritionetsante.com\/es\/#organization"},"potentialAction":[{"@type":"SearchAction","target":{"@type":"EntryPoint","urlTemplate":"https:\/\/www.nutritionetsante.com\/es\/?s={search_term_string}"},"query-input":{"@type":"PropertyValueSpecification","valueRequired":true,"valueName":"search_term_string"}}],"inLanguage":"es"},{"@type":"Organization","@id":"https:\/\/www.nutritionetsante.com\/es\/#organization","name":"Nutrition & Sant\u00e9","url":"https:\/\/www.nutritionetsante.com\/es\/","logo":{"@type":"ImageObject","inLanguage":"es","@id":"https:\/\/www.nutritionetsante.com\/es\/#\/schema\/logo\/image\/","url":"https:\/\/www.nutritionetsante.com\/wp-content\/uploads\/2022\/04\/logo-ns.svg","contentUrl":"https:\/\/www.nutritionetsante.com\/wp-content\/uploads\/2022\/04\/logo-ns.svg","width":220,"height":83,"caption":"Nutrition & Sant\u00e9"},"image":{"@id":"https:\/\/www.nutritionetsante.com\/es\/#\/schema\/logo\/image\/"},"sameAs":["https:\/\/www.linkedin.com\/company\/nutrition-&-sante\/"]}]}},"_links":{"self":[{"href":"https:\/\/www.nutritionetsante.com\/es\/wp-json\/wp\/v2\/pages\/9030","targetHints":{"allow":["GET"]}}],"collection":[{"href":"https:\/\/www.nutritionetsante.com\/es\/wp-json\/wp\/v2\/pages"}],"about":[{"href":"https:\/\/www.nutritionetsante.com\/es\/wp-json\/wp\/v2\/types\/page"}],"author":[{"embeddable":true,"href":"https:\/\/www.nutritionetsante.com\/es\/wp-json\/wp\/v2\/users\/1"}],"replies":[{"embeddable":true,"href":"https:\/\/www.nutritionetsante.com\/es\/wp-json\/wp\/v2\/comments?post=9030"}],"version-history":[{"count":0,"href":"https:\/\/www.nutritionetsante.com\/es\/wp-json\/wp\/v2\/pages\/9030\/revisions"}],"wp:attachment":[{"href":"https:\/\/www.nutritionetsante.com\/es\/wp-json\/wp\/v2\/media?parent=9030"}],"curies":[{"name":"wp","href":"https:\/\/api.w.org\/{rel}","templated":true}]}}