{"id":7991,"date":"2022-02-16T19:51:43","date_gmt":"2022-02-16T18:51:43","guid":{"rendered":"https:\/\/www.nutritionetsante.com\/?page_id=7991"},"modified":"2024-08-26T15:05:46","modified_gmt":"2024-08-26T13:05:46","slug":"medios","status":"publish","type":"page","link":"https:\/\/www.nutritionetsante.com\/es\/medios\/","title":{"rendered":"Medios"},"content":{"rendered":"\t\t<div data-elementor-type=\"wp-page\" data-elementor-id=\"7991\" class=\"elementor elementor-7991 elementor-7929\" data-elementor-post-type=\"page\">\n\t\t\t\t\t\t<section class=\"elementor-section elementor-top-section elementor-element elementor-element-ad9266b elementor-section-full_width elementor-section-height-default elementor-section-height-default\" data-id=\"ad9266b\" data-element_type=\"section\" data-e-type=\"section\">\n\t\t\t\t\t\t<div class=\"elementor-container elementor-column-gap-default\">\n\t\t\t\t\t<div class=\"elementor-column elementor-col-100 elementor-top-column elementor-element elementor-element-597ae067\" data-id=\"597ae067\" data-element_type=\"column\" data-e-type=\"column\">\n\t\t\t<div class=\"elementor-widget-wrap elementor-element-populated\">\n\t\t\t\t\t\t<div class=\"elementor-element elementor-element-44309de7 elementor-absolute elementor-hidden-mobile elementor-widget elementor-widget-image\" data-id=\"44309de7\" data-element_type=\"widget\" data-e-type=\"widget\" data-settings=\"{&quot;_position&quot;:&quot;absolute&quot;}\" data-widget_type=\"image.default\">\n\t\t\t\t<div class=\"elementor-widget-container\">\n\t\t\t\t\t\t\t\t\t\t\t\t\t\t\t<img fetchpriority=\"high\" decoding=\"async\" width=\"737\" height=\"737\" src=\"https:\/\/www.nutritionetsante.com\/wp-content\/uploads\/2022\/01\/deco_medias_feuilles.png\" class=\"attachment-full size-full wp-image-7874\" alt=\"\" srcset=\"https:\/\/www.nutritionetsante.com\/wp-content\/uploads\/2022\/01\/deco_medias_feuilles.png 737w, https:\/\/www.nutritionetsante.com\/wp-content\/uploads\/2022\/01\/deco_medias_feuilles-300x300.png 300w, https:\/\/www.nutritionetsante.com\/wp-content\/uploads\/2022\/01\/deco_medias_feuilles-150x150.png 150w\" sizes=\"(max-width: 737px) 100vw, 737px\" \/>\t\t\t\t\t\t\t\t\t\t\t\t\t\t\t<\/div>\n\t\t\t\t<\/div>\n\t\t\t\t<div class=\"elementor-element elementor-element-248ef5c0 elementor-absolute elementor-hidden-mobile elementor-widget elementor-widget-image\" data-id=\"248ef5c0\" data-element_type=\"widget\" data-e-type=\"widget\" data-settings=\"{&quot;_position&quot;:&quot;absolute&quot;}\" data-widget_type=\"image.default\">\n\t\t\t\t<div class=\"elementor-widget-container\">\n\t\t\t\t\t\t\t\t\t\t\t\t\t\t\t<img decoding=\"async\" width=\"548\" height=\"400\" src=\"https:\/\/www.nutritionetsante.com\/wp-content\/uploads\/2022\/01\/deco_medias_biscuits.png\" class=\"attachment-full size-full wp-image-7886\" alt=\"\" srcset=\"https:\/\/www.nutritionetsante.com\/wp-content\/uploads\/2022\/01\/deco_medias_biscuits.png 548w, https:\/\/www.nutritionetsante.com\/wp-content\/uploads\/2022\/01\/deco_medias_biscuits-300x219.png 300w\" sizes=\"(max-width: 548px) 100vw, 548px\" \/>\t\t\t\t\t\t\t\t\t\t\t\t\t\t\t<\/div>\n\t\t\t\t<\/div>\n\t\t\t\t<div class=\"elementor-element elementor-element-610fe0db elementor-absolute elementor-hidden-mobile elementor-widget elementor-widget-image\" data-id=\"610fe0db\" data-element_type=\"widget\" data-e-type=\"widget\" data-settings=\"{&quot;_position&quot;:&quot;absolute&quot;}\" data-widget_type=\"image.default\">\n\t\t\t\t<div class=\"elementor-widget-container\">\n\t\t\t\t\t\t\t\t\t\t\t\t\t\t\t<img decoding=\"async\" width=\"719\" height=\"280\" src=\"https:\/\/www.nutritionetsante.com\/wp-content\/uploads\/2022\/01\/deco_medias_tofu-1.png\" class=\"attachment-full size-full wp-image-7877\" alt=\"\" srcset=\"https:\/\/www.nutritionetsante.com\/wp-content\/uploads\/2022\/01\/deco_medias_tofu-1.png 719w, https:\/\/www.nutritionetsante.com\/wp-content\/uploads\/2022\/01\/deco_medias_tofu-1-300x117.png 300w\" sizes=\"(max-width: 719px) 100vw, 719px\" \/>\t\t\t\t\t\t\t\t\t\t\t\t\t\t\t<\/div>\n\t\t\t\t<\/div>\n\t\t\t\t<div class=\"elementor-element elementor-element-6206f2a0 elementor-absolute elementor-hidden-mobile elementor-widget elementor-widget-image\" data-id=\"6206f2a0\" data-element_type=\"widget\" data-e-type=\"widget\" data-settings=\"{&quot;_position&quot;:&quot;absolute&quot;}\" data-widget_type=\"image.default\">\n\t\t\t\t<div class=\"elementor-widget-container\">\n\t\t\t\t\t\t\t\t\t\t\t\t\t\t\t<img loading=\"lazy\" decoding=\"async\" width=\"476\" height=\"512\" src=\"https:\/\/www.nutritionetsante.com\/wp-content\/uploads\/2022\/01\/deco_medias_noisettes.png\" class=\"attachment-full size-full wp-image-7880\" alt=\"\" srcset=\"https:\/\/www.nutritionetsante.com\/wp-content\/uploads\/2022\/01\/deco_medias_noisettes.png 476w, https:\/\/www.nutritionetsante.com\/wp-content\/uploads\/2022\/01\/deco_medias_noisettes-279x300.png 279w\" sizes=\"(max-width: 476px) 100vw, 476px\" \/>\t\t\t\t\t\t\t\t\t\t\t\t\t\t\t<\/div>\n\t\t\t\t<\/div>\n\t\t\t\t<div class=\"elementor-element elementor-element-3e5857e0 elementor-widget elementor-widget-heading\" data-id=\"3e5857e0\" data-element_type=\"widget\" data-e-type=\"widget\" data-widget_type=\"heading.default\">\n\t\t\t\t<div class=\"elementor-widget-container\">\n\t\t\t\t\t<h1 class=\"elementor-heading-title elementor-size-default\">MEDIOS<\/h1>\t\t\t\t<\/div>\n\t\t\t\t<\/div>\n\t\t\t\t<div class=\"elementor-element elementor-element-460bf650 elementor-hidden-desktop elementor-hidden-tablet elementor-hidden-mobile elementor-widget elementor-widget-text-editor\" data-id=\"460bf650\" data-element_type=\"widget\" data-e-type=\"widget\" data-widget_type=\"text-editor.default\">\n\t\t\t\t<div class=\"elementor-widget-container\">\n\t\t\t\t\t\t\t\t\t<p>Lorem ipsum dolor sit amet, consectetur adipiscing elit. Ut elit tellus, luctus nec ullamcorper mattis, pulvinar dapibus leo.<\/p>\t\t\t\t\t\t\t\t<\/div>\n\t\t\t\t<\/div>\n\t\t\t\t<section class=\"elementor-section elementor-inner-section elementor-element elementor-element-64ac3741 elementor-section-boxed elementor-section-height-default elementor-section-height-default\" data-id=\"64ac3741\" data-element_type=\"section\" data-e-type=\"section\">\n\t\t\t\t\t\t<div class=\"elementor-container elementor-column-gap-default\">\n\t\t\t\t\t<div class=\"elementor-column elementor-col-33 elementor-inner-column elementor-element elementor-element-53067948\" data-id=\"53067948\" data-element_type=\"column\" data-e-type=\"column\">\n\t\t\t<div class=\"elementor-widget-wrap elementor-element-populated\">\n\t\t\t\t\t\t<div class=\"elementor-element elementor-element-6d05b8aa elementor-widget elementor-widget-image\" data-id=\"6d05b8aa\" data-element_type=\"widget\" data-e-type=\"widget\" data-widget_type=\"image.default\">\n\t\t\t\t<div class=\"elementor-widget-container\">\n\t\t\t\t\t\t\t\t\t\t\t\t\t\t\t<img loading=\"lazy\" decoding=\"async\" width=\"251\" height=\"327\" src=\"https:\/\/www.nutritionetsante.com\/wp-content\/uploads\/2022\/01\/illus_documentation.png\" class=\"attachment-full size-full wp-image-7889\" alt=\"\" srcset=\"https:\/\/www.nutritionetsante.com\/wp-content\/uploads\/2022\/01\/illus_documentation.png 251w, https:\/\/www.nutritionetsante.com\/wp-content\/uploads\/2022\/01\/illus_documentation-230x300.png 230w\" sizes=\"(max-width: 251px) 100vw, 251px\" \/>\t\t\t\t\t\t\t\t\t\t\t\t\t\t\t<\/div>\n\t\t\t\t<\/div>\n\t\t\t\t<div class=\"elementor-element elementor-element-a311107 elementor-widget elementor-widget-heading\" data-id=\"a311107\" data-element_type=\"widget\" data-e-type=\"widget\" data-widget_type=\"heading.default\">\n\t\t\t\t<div class=\"elementor-widget-container\">\n\t\t\t\t\t<h2 class=\"elementor-heading-title elementor-size-default\">DOCUMENTACI\u00d3N<\/h2>\t\t\t\t<\/div>\n\t\t\t\t<\/div>\n\t\t\t\t<div class=\"elementor-element elementor-element-282f9ef0 elementor-align-center elementor-absolute elementor-widget elementor-widget-button\" data-id=\"282f9ef0\" data-element_type=\"widget\" data-e-type=\"widget\" data-settings=\"{&quot;_position&quot;:&quot;absolute&quot;}\" data-widget_type=\"button.default\">\n\t\t\t\t<div class=\"elementor-widget-container\">\n\t\t\t\t\t\t\t\t\t<div class=\"elementor-button-wrapper\">\n\t\t\t\t\t<a class=\"elementor-button elementor-button-link elementor-size-sm\" href=\"https:\/\/www.nutritionetsante.com\/es\/documentacion\/\">\n\t\t\t\t\t\t<span class=\"elementor-button-content-wrapper\">\n\t\t\t\t\t\t\t\t\t<span class=\"elementor-button-text\">VER<\/span>\n\t\t\t\t\t<\/span>\n\t\t\t\t\t<\/a>\n\t\t\t\t<\/div>\n\t\t\t\t\t\t\t\t<\/div>\n\t\t\t\t<\/div>\n\t\t\t\t\t<\/div>\n\t\t<\/div>\n\t\t\t\t<div class=\"elementor-column elementor-col-33 elementor-inner-column elementor-element elementor-element-5960a00f\" data-id=\"5960a00f\" data-element_type=\"column\" data-e-type=\"column\">\n\t\t\t<div class=\"elementor-widget-wrap elementor-element-populated\">\n\t\t\t\t\t\t<div class=\"elementor-element elementor-element-b2477ee elementor-widget elementor-widget-image\" data-id=\"b2477ee\" data-element_type=\"widget\" data-e-type=\"widget\" data-widget_type=\"image.default\">\n\t\t\t\t<div class=\"elementor-widget-container\">\n\t\t\t\t\t\t\t\t\t\t\t\t\t\t\t<img loading=\"lazy\" decoding=\"async\" width=\"484\" height=\"307\" src=\"https:\/\/www.nutritionetsante.com\/wp-content\/uploads\/2022\/01\/illus_presse.png\" class=\"attachment-full size-full wp-image-7892\" alt=\"\" srcset=\"https:\/\/www.nutritionetsante.com\/wp-content\/uploads\/2022\/01\/illus_presse.png 484w, https:\/\/www.nutritionetsante.com\/wp-content\/uploads\/2022\/01\/illus_presse-300x190.png 300w\" sizes=\"(max-width: 484px) 100vw, 484px\" \/>\t\t\t\t\t\t\t\t\t\t\t\t\t\t\t<\/div>\n\t\t\t\t<\/div>\n\t\t\t\t<div class=\"elementor-element elementor-element-56dc6aae elementor-widget elementor-widget-heading\" data-id=\"56dc6aae\" data-element_type=\"widget\" data-e-type=\"widget\" data-widget_type=\"heading.default\">\n\t\t\t\t<div class=\"elementor-widget-container\">\n\t\t\t\t\t<h2 class=\"elementor-heading-title elementor-size-default\">PRENSA<\/h2>\t\t\t\t<\/div>\n\t\t\t\t<\/div>\n\t\t\t\t<div class=\"elementor-element elementor-element-2b5ed907 elementor-align-center elementor-absolute elementor-widget elementor-widget-button\" data-id=\"2b5ed907\" data-element_type=\"widget\" data-e-type=\"widget\" data-settings=\"{&quot;_position&quot;:&quot;absolute&quot;}\" data-widget_type=\"button.default\">\n\t\t\t\t<div class=\"elementor-widget-container\">\n\t\t\t\t\t\t\t\t\t<div class=\"elementor-button-wrapper\">\n\t\t\t\t\t<a class=\"elementor-button elementor-button-link elementor-size-sm\" href=\"https:\/\/www.nutritionetsante.com\/es\/prensa\/\">\n\t\t\t\t\t\t<span class=\"elementor-button-content-wrapper\">\n\t\t\t\t\t\t\t\t\t<span class=\"elementor-button-text\">VER<\/span>\n\t\t\t\t\t<\/span>\n\t\t\t\t\t<\/a>\n\t\t\t\t<\/div>\n\t\t\t\t\t\t\t\t<\/div>\n\t\t\t\t<\/div>\n\t\t\t\t\t<\/div>\n\t\t<\/div>\n\t\t\t\t<div class=\"elementor-column elementor-col-33 elementor-inner-column elementor-element elementor-element-30d7c293\" data-id=\"30d7c293\" data-element_type=\"column\" data-e-type=\"column\">\n\t\t\t<div class=\"elementor-widget-wrap elementor-element-populated\">\n\t\t\t\t\t\t<div class=\"elementor-element elementor-element-6fb08d57 elementor-widget elementor-widget-image\" data-id=\"6fb08d57\" data-element_type=\"widget\" data-e-type=\"widget\" data-widget_type=\"image.default\">\n\t\t\t\t<div class=\"elementor-widget-container\">\n\t\t\t\t\t\t\t\t\t\t\t\t\t\t\t<img loading=\"lazy\" decoding=\"async\" width=\"364\" height=\"376\" src=\"https:\/\/www.nutritionetsante.com\/wp-content\/uploads\/2022\/01\/illus_phototheque.png\" class=\"attachment-full size-full wp-image-7895\" alt=\"\" srcset=\"https:\/\/www.nutritionetsante.com\/wp-content\/uploads\/2022\/01\/illus_phototheque.png 364w, https:\/\/www.nutritionetsante.com\/wp-content\/uploads\/2022\/01\/illus_phototheque-290x300.png 290w\" sizes=\"(max-width: 364px) 100vw, 364px\" \/>\t\t\t\t\t\t\t\t\t\t\t\t\t\t\t<\/div>\n\t\t\t\t<\/div>\n\t\t\t\t<div class=\"elementor-element elementor-element-5e73df0c elementor-widget elementor-widget-heading\" data-id=\"5e73df0c\" data-element_type=\"widget\" data-e-type=\"widget\" data-widget_type=\"heading.default\">\n\t\t\t\t<div class=\"elementor-widget-container\">\n\t\t\t\t\t<h2 class=\"elementor-heading-title elementor-size-default\">BIBLIOTECA FOTOGR\u00c1FICA<\/h2>\t\t\t\t<\/div>\n\t\t\t\t<\/div>\n\t\t\t\t<div class=\"elementor-element elementor-element-14f5e6bf elementor-align-center elementor-absolute elementor-widget elementor-widget-button\" data-id=\"14f5e6bf\" data-element_type=\"widget\" data-e-type=\"widget\" data-settings=\"{&quot;_position&quot;:&quot;absolute&quot;}\" data-widget_type=\"button.default\">\n\t\t\t\t<div class=\"elementor-widget-container\">\n\t\t\t\t\t\t\t\t\t<div class=\"elementor-button-wrapper\">\n\t\t\t\t\t<a class=\"elementor-button elementor-button-link elementor-size-sm\" href=\"https:\/\/www.nutritionetsante.com\/es\/biblioteca_fotografica\/\">\n\t\t\t\t\t\t<span class=\"elementor-button-content-wrapper\">\n\t\t\t\t\t\t\t\t\t<span class=\"elementor-button-text\">VER<\/span>\n\t\t\t\t\t<\/span>\n\t\t\t\t\t<\/a>\n\t\t\t\t<\/div>\n\t\t\t\t\t\t\t\t<\/div>\n\t\t\t\t<\/div>\n\t\t\t\t\t<\/div>\n\t\t<\/div>\n\t\t\t\t\t<\/div>\n\t\t<\/section>\n\t\t\t\t\t<\/div>\n\t\t<\/div>\n\t\t\t\t\t<\/div>\n\t\t<\/section>\n\t\t\t\t<\/div>\n\t\t","protected":false},"excerpt":{"rendered":"<p>MEDIOS Lorem fistrum por la gloria de mi madre esse jarl aliqua llevame al sircoo. De la pradera ullamco qu\u00e9 dise usteer est\u00e1 la cosa muy malar. DOCUMENTACI\u00d3N VER PRENSA VER BIBLIOTECA FOTOGR\u00c1FICA VER<\/p>\n","protected":false},"author":1,"featured_media":0,"parent":0,"menu_order":19,"comment_status":"closed","ping_status":"closed","template":"","meta":{"_acf_changed":false,"inline_featured_image":false,"footnotes":""},"class_list":["post-7991","page","type-page","status-publish","hentry"],"acf":[],"yoast_head":"<!-- This site is optimized with the Yoast SEO plugin v27.2 - https:\/\/yoast.com\/product\/yoast-seo-wordpress\/ -->\n<title>Medios - Nutrition &amp; Sant\u00e9<\/title>\n<meta name=\"robots\" content=\"index, follow, max-snippet:-1, max-image-preview:large, max-video-preview:-1\" \/>\n<link rel=\"canonical\" href=\"https:\/\/www.nutritionetsante.com\/es\/medios\/\" \/>\n<meta property=\"og:locale\" content=\"es_ES\" \/>\n<meta property=\"og:type\" content=\"article\" \/>\n<meta property=\"og:title\" content=\"Medios - Nutrition &amp; Sant\u00e9\" \/>\n<meta property=\"og:description\" content=\"MEDIOS Lorem fistrum por la gloria de mi madre esse jarl aliqua llevame al sircoo. De la pradera ullamco qu\u00e9 dise usteer est\u00e1 la cosa muy malar. DOCUMENTACI\u00d3N VER PRENSA VER BIBLIOTECA FOTOGR\u00c1FICA VER\" \/>\n<meta property=\"og:url\" content=\"https:\/\/www.nutritionetsante.com\/es\/medios\/\" \/>\n<meta property=\"og:site_name\" content=\"Nutrition &amp; Sant\u00e9\" \/>\n<meta property=\"article:modified_time\" content=\"2024-08-26T13:05:46+00:00\" \/>\n<meta property=\"og:image\" content=\"https:\/\/www.nutritionetsante.com\/wp-content\/uploads\/2022\/01\/deco_medias_feuilles.png\" \/>\n<meta name=\"twitter:card\" content=\"summary_large_image\" \/>\n<script type=\"application\/ld+json\" class=\"yoast-schema-graph\">{\"@context\":\"https:\/\/schema.org\",\"@graph\":[{\"@type\":\"WebPage\",\"@id\":\"https:\/\/www.nutritionetsante.com\/es\/medios\/\",\"url\":\"https:\/\/www.nutritionetsante.com\/es\/medios\/\",\"name\":\"Medios - Nutrition &amp; Sant\u00e9\",\"isPartOf\":{\"@id\":\"https:\/\/www.nutritionetsante.com\/es\/#website\"},\"primaryImageOfPage\":{\"@id\":\"https:\/\/www.nutritionetsante.com\/es\/medios\/#primaryimage\"},\"image\":{\"@id\":\"https:\/\/www.nutritionetsante.com\/es\/medios\/#primaryimage\"},\"thumbnailUrl\":\"https:\/\/www.nutritionetsante.com\/wp-content\/uploads\/2022\/01\/deco_medias_feuilles.png\",\"datePublished\":\"2022-02-16T18:51:43+00:00\",\"dateModified\":\"2024-08-26T13:05:46+00:00\",\"breadcrumb\":{\"@id\":\"https:\/\/www.nutritionetsante.com\/es\/medios\/#breadcrumb\"},\"inLanguage\":\"es\",\"potentialAction\":[{\"@type\":\"ReadAction\",\"target\":[\"https:\/\/www.nutritionetsante.com\/es\/medios\/\"]}]},{\"@type\":\"ImageObject\",\"inLanguage\":\"es\",\"@id\":\"https:\/\/www.nutritionetsante.com\/es\/medios\/#primaryimage\",\"url\":\"https:\/\/www.nutritionetsante.com\/wp-content\/uploads\/2022\/01\/deco_medias_feuilles.png\",\"contentUrl\":\"https:\/\/www.nutritionetsante.com\/wp-content\/uploads\/2022\/01\/deco_medias_feuilles.png\"},{\"@type\":\"BreadcrumbList\",\"@id\":\"https:\/\/www.nutritionetsante.com\/es\/medios\/#breadcrumb\",\"itemListElement\":[{\"@type\":\"ListItem\",\"position\":1,\"name\":\"Accueil\",\"item\":\"https:\/\/www.nutritionetsante.com\/es\/\"},{\"@type\":\"ListItem\",\"position\":2,\"name\":\"Medios\"}]},{\"@type\":\"WebSite\",\"@id\":\"https:\/\/www.nutritionetsante.com\/es\/#website\",\"url\":\"https:\/\/www.nutritionetsante.com\/es\/\",\"name\":\"Nutrition & Sant\u00e9\",\"description\":\"Leader de l\u2019alimentation di\u00e9t\u00e9tique et biologique en Europe\",\"publisher\":{\"@id\":\"https:\/\/www.nutritionetsante.com\/es\/#organization\"},\"potentialAction\":[{\"@type\":\"SearchAction\",\"target\":{\"@type\":\"EntryPoint\",\"urlTemplate\":\"https:\/\/www.nutritionetsante.com\/es\/?s={search_term_string}\"},\"query-input\":{\"@type\":\"PropertyValueSpecification\",\"valueRequired\":true,\"valueName\":\"search_term_string\"}}],\"inLanguage\":\"es\"},{\"@type\":\"Organization\",\"@id\":\"https:\/\/www.nutritionetsante.com\/es\/#organization\",\"name\":\"Nutrition & Sant\u00e9\",\"url\":\"https:\/\/www.nutritionetsante.com\/es\/\",\"logo\":{\"@type\":\"ImageObject\",\"inLanguage\":\"es\",\"@id\":\"https:\/\/www.nutritionetsante.com\/es\/#\/schema\/logo\/image\/\",\"url\":\"https:\/\/www.nutritionetsante.com\/wp-content\/uploads\/2022\/04\/logo-ns.svg\",\"contentUrl\":\"https:\/\/www.nutritionetsante.com\/wp-content\/uploads\/2022\/04\/logo-ns.svg\",\"width\":220,\"height\":83,\"caption\":\"Nutrition & Sant\u00e9\"},\"image\":{\"@id\":\"https:\/\/www.nutritionetsante.com\/es\/#\/schema\/logo\/image\/\"},\"sameAs\":[\"https:\/\/www.linkedin.com\/company\/nutrition-&-sante\/\"]}]}<\/script>\n<!-- \/ Yoast SEO plugin. -->","yoast_head_json":{"title":"Medios - Nutrition &amp; Sant\u00e9","robots":{"index":"index","follow":"follow","max-snippet":"max-snippet:-1","max-image-preview":"max-image-preview:large","max-video-preview":"max-video-preview:-1"},"canonical":"https:\/\/www.nutritionetsante.com\/es\/medios\/","og_locale":"es_ES","og_type":"article","og_title":"Medios - Nutrition &amp; Sant\u00e9","og_description":"MEDIOS Lorem fistrum por la gloria de mi madre esse jarl aliqua llevame al sircoo. De la pradera ullamco qu\u00e9 dise usteer est\u00e1 la cosa muy malar. DOCUMENTACI\u00d3N VER PRENSA VER BIBLIOTECA FOTOGR\u00c1FICA VER","og_url":"https:\/\/www.nutritionetsante.com\/es\/medios\/","og_site_name":"Nutrition &amp; Sant\u00e9","article_modified_time":"2024-08-26T13:05:46+00:00","og_image":[{"url":"https:\/\/www.nutritionetsante.com\/wp-content\/uploads\/2022\/01\/deco_medias_feuilles.png","type":"","width":"","height":""}],"twitter_card":"summary_large_image","schema":{"@context":"https:\/\/schema.org","@graph":[{"@type":"WebPage","@id":"https:\/\/www.nutritionetsante.com\/es\/medios\/","url":"https:\/\/www.nutritionetsante.com\/es\/medios\/","name":"Medios - Nutrition &amp; Sant\u00e9","isPartOf":{"@id":"https:\/\/www.nutritionetsante.com\/es\/#website"},"primaryImageOfPage":{"@id":"https:\/\/www.nutritionetsante.com\/es\/medios\/#primaryimage"},"image":{"@id":"https:\/\/www.nutritionetsante.com\/es\/medios\/#primaryimage"},"thumbnailUrl":"https:\/\/www.nutritionetsante.com\/wp-content\/uploads\/2022\/01\/deco_medias_feuilles.png","datePublished":"2022-02-16T18:51:43+00:00","dateModified":"2024-08-26T13:05:46+00:00","breadcrumb":{"@id":"https:\/\/www.nutritionetsante.com\/es\/medios\/#breadcrumb"},"inLanguage":"es","potentialAction":[{"@type":"ReadAction","target":["https:\/\/www.nutritionetsante.com\/es\/medios\/"]}]},{"@type":"ImageObject","inLanguage":"es","@id":"https:\/\/www.nutritionetsante.com\/es\/medios\/#primaryimage","url":"https:\/\/www.nutritionetsante.com\/wp-content\/uploads\/2022\/01\/deco_medias_feuilles.png","contentUrl":"https:\/\/www.nutritionetsante.com\/wp-content\/uploads\/2022\/01\/deco_medias_feuilles.png"},{"@type":"BreadcrumbList","@id":"https:\/\/www.nutritionetsante.com\/es\/medios\/#breadcrumb","itemListElement":[{"@type":"ListItem","position":1,"name":"Accueil","item":"https:\/\/www.nutritionetsante.com\/es\/"},{"@type":"ListItem","position":2,"name":"Medios"}]},{"@type":"WebSite","@id":"https:\/\/www.nutritionetsante.com\/es\/#website","url":"https:\/\/www.nutritionetsante.com\/es\/","name":"Nutrition & Sant\u00e9","description":"Leader de l\u2019alimentation di\u00e9t\u00e9tique et biologique en Europe","publisher":{"@id":"https:\/\/www.nutritionetsante.com\/es\/#organization"},"potentialAction":[{"@type":"SearchAction","target":{"@type":"EntryPoint","urlTemplate":"https:\/\/www.nutritionetsante.com\/es\/?s={search_term_string}"},"query-input":{"@type":"PropertyValueSpecification","valueRequired":true,"valueName":"search_term_string"}}],"inLanguage":"es"},{"@type":"Organization","@id":"https:\/\/www.nutritionetsante.com\/es\/#organization","name":"Nutrition & Sant\u00e9","url":"https:\/\/www.nutritionetsante.com\/es\/","logo":{"@type":"ImageObject","inLanguage":"es","@id":"https:\/\/www.nutritionetsante.com\/es\/#\/schema\/logo\/image\/","url":"https:\/\/www.nutritionetsante.com\/wp-content\/uploads\/2022\/04\/logo-ns.svg","contentUrl":"https:\/\/www.nutritionetsante.com\/wp-content\/uploads\/2022\/04\/logo-ns.svg","width":220,"height":83,"caption":"Nutrition & Sant\u00e9"},"image":{"@id":"https:\/\/www.nutritionetsante.com\/es\/#\/schema\/logo\/image\/"},"sameAs":["https:\/\/www.linkedin.com\/company\/nutrition-&-sante\/"]}]}},"_links":{"self":[{"href":"https:\/\/www.nutritionetsante.com\/es\/wp-json\/wp\/v2\/pages\/7991","targetHints":{"allow":["GET"]}}],"collection":[{"href":"https:\/\/www.nutritionetsante.com\/es\/wp-json\/wp\/v2\/pages"}],"about":[{"href":"https:\/\/www.nutritionetsante.com\/es\/wp-json\/wp\/v2\/types\/page"}],"author":[{"embeddable":true,"href":"https:\/\/www.nutritionetsante.com\/es\/wp-json\/wp\/v2\/users\/1"}],"replies":[{"embeddable":true,"href":"https:\/\/www.nutritionetsante.com\/es\/wp-json\/wp\/v2\/comments?post=7991"}],"version-history":[{"count":0,"href":"https:\/\/www.nutritionetsante.com\/es\/wp-json\/wp\/v2\/pages\/7991\/revisions"}],"wp:attachment":[{"href":"https:\/\/www.nutritionetsante.com\/es\/wp-json\/wp\/v2\/media?parent=7991"}],"curies":[{"name":"wp","href":"https:\/\/api.w.org\/{rel}","templated":true}]}}